{"id":7,"date":"2025-07-26T13:19:15","date_gmt":"2025-07-26T13:19:15","guid":{"rendered":"http:\/\/technique-barresflexibles.com\/?page_id=7"},"modified":"2026-03-08T17:01:00","modified_gmt":"2026-03-08T17:01:00","slug":"accueil","status":"publish","type":"page","link":"https:\/\/technique-barresflexibles.com\/","title":{"rendered":"Accueil"},"content":{"rendered":"\n<div class=\"wp-block-cover alignfull has-parallax\" style=\"min-height:100vh;aspect-ratio:unset;\"><div class=\"wp-block-cover__image-background wp-image-97 size-large has-parallax\" style=\"background-position:50% 50%;background-image:url(http:\/\/technique-barresflexibles.com\/wp-content\/uploads\/2025\/07\/Wil-dans-Isadora-photo-Francette-Levieux-892x1024.jpg)\"><\/div><span aria-hidden=\"true\" class=\"wp-block-cover__background has-contrast-background-color has-background-dim-40 has-background-dim\"><\/span><div class=\"wp-block-cover__inner-container is-layout-flow wp-block-cover-is-layout-flow\">\n<h2 class=\"wp-block-heading alignwide has-white-color has-text-color\" style=\"font-size:clamp(27.894px, 1.743rem + ((1vw - 3.2px) * 2.094), 48px);line-height:1.2\">La Danse selon Wilfride Piollet : Art de l&rsquo;incarnation<\/h2>\n\n\n\n<div class=\"wp-block-columns alignwide is-layout-flex wp-container-core-columns-is-layout-28f84493 wp-block-columns-is-layout-flex\">\n<div class=\"wp-block-column is-layout-flow wp-block-column-is-layout-flow\" style=\"flex-basis:60%\">\n<p class=\"has-text-color\" style=\"color:#ffffff\">Pour Wilfride Piollet, la danse est l\u2019art de l\u2019instant, o\u00f9 le corps, le c\u0153ur et l\u2019esprit s\u2019unissent dans un m\u00eame \u00e9lan. <br>C\u2019est dans cette vision holistique qu\u2019elle a d\u00e9velopp\u00e9 une m\u00e9thode d\u2019\u00e9chauffement novatrice : <strong>la technique des Barres Flexibles<\/strong>.<\/p>\n\n\n\n<div class=\"wp-block-buttons is-layout-flex wp-block-buttons-is-layout-flex\">\n<div class=\"wp-block-button is-style-fill\"><a class=\"wp-block-button__link has-text-color wp-element-button\" href=\"http:\/\/technique-barresflexibles.com\/index.php\/a-propos\/\" style=\"color:#ffffff\">En savoir plus<\/a><\/div>\n<\/div>\n<\/div>\n\n\n\n<div class=\"wp-block-column is-layout-flow wp-block-column-is-layout-flow\"><\/div>\n<\/div>\n<\/div><\/div>\n\n\n\n<div class=\"wp-block-group alignfull has-global-padding is-layout-constrained wp-container-core-group-is-layout-d89aad35 wp-block-group-is-layout-constrained\" style=\"margin-top:0;margin-bottom:0;padding-top:var(--wp--preset--spacing--50);padding-right:var(--wp--preset--spacing--50);padding-bottom:var(--wp--preset--spacing--50);padding-left:var(--wp--preset--spacing--50)\">\n<div class=\"wp-block-group is-vertical is-content-justification-center is-layout-flex wp-container-core-group-is-layout-6329a8f3 wp-block-group-is-layout-flex\">\n<h2 class=\"wp-block-heading has-text-align-center\">Actualit\u00e9s<\/h2>\n<\/div>\n\n\n\n<div class=\"wp-block-group alignwide has-global-padding is-layout-constrained wp-container-core-group-is-layout-19e250f3 wp-block-group-is-layout-constrained\">\n<div style=\"height:var(--wp--preset--spacing--40)\" aria-hidden=\"true\" class=\"wp-block-spacer\"><\/div>\n\n\n\n<div class=\"wp-block-columns alignwide is-layout-flex wp-container-core-columns-is-layout-d1c656ed wp-block-columns-is-layout-flex\">\n<div class=\"wp-block-column is-vertically-aligned-center is-layout-flow wp-block-column-is-layout-flow\" style=\"flex-basis:40%\">\n<h2 class=\"wp-block-heading\">Stage intensif Barres Flexibles avec Christophe Duveau-Vill\u00e9ger<\/h2>\n\n\n\n<p>Du lundi du <strong>13 avril <\/strong>au vendredi <strong>17 avril <\/strong>2026<\/p>\n\n\n\n<p><strong>Lieu: <\/strong>Micadanses &#8211; Studio Noces<\/p>\n\n\n\n<p>20 rue Geoffroy l&rsquo;Asnier, 75004 Paris<\/p>\n\n\n\n<div class=\"wp-block-buttons is-layout-flex wp-block-buttons-is-layout-flex\">\n<div class=\"wp-block-button\"><a class=\"wp-block-button__link wp-element-button\" href=\"https:\/\/micadanses.com\/artistes\/christophe-duveau-villeger\/\">En savoir plus<\/a><\/div>\n<\/div>\n<\/div>\n\n\n\n<div class=\"wp-block-column is-layout-flow wp-block-column-is-layout-flow\" style=\"flex-basis:50%\">\n<figure class=\"wp-block-image size-large is-style-default\"><img loading=\"lazy\" decoding=\"async\" width=\"1024\" height=\"768\" src=\"http:\/\/technique-barresflexibles.com\/wp-content\/uploads\/2026\/03\/bf-1024x768.jpg\" alt=\"\" class=\"wp-image-241\" srcset=\"https:\/\/technique-barresflexibles.com\/wp-content\/uploads\/2026\/03\/bf-1024x768.jpg 1024w, https:\/\/technique-barresflexibles.com\/wp-content\/uploads\/2026\/03\/bf-300x225.jpg 300w, https:\/\/technique-barresflexibles.com\/wp-content\/uploads\/2026\/03\/bf-768x576.jpg 768w, https:\/\/technique-barresflexibles.com\/wp-content\/uploads\/2026\/03\/bf-1536x1152.jpg 1536w, https:\/\/technique-barresflexibles.com\/wp-content\/uploads\/2026\/03\/bf.jpg 1600w\" sizes=\"auto, (max-width: 1024px) 100vw, 1024px\" \/><\/figure>\n<\/div>\n<\/div>\n<\/div>\n<\/div>\n\n\n\n<div class=\"wp-block-group alignfull has-accent-background-color has-background has-global-padding is-layout-constrained wp-container-core-group-is-layout-d89aad35 wp-block-group-is-layout-constrained\" style=\"margin-top:0;margin-bottom:0;padding-top:var(--wp--preset--spacing--50);padding-right:var(--wp--preset--spacing--50);padding-bottom:var(--wp--preset--spacing--50);padding-left:var(--wp--preset--spacing--50)\">\n<div class=\"wp-block-group alignwide has-global-padding is-layout-constrained wp-container-core-group-is-layout-19e250f3 wp-block-group-is-layout-constrained\">\n<div class=\"wp-block-columns alignwide is-layout-flex wp-container-core-columns-is-layout-d1c656ed wp-block-columns-is-layout-flex\">\n<div class=\"wp-block-column is-layout-flow wp-block-column-is-layout-flow\" style=\"flex-basis:50%\">\n<figure class=\"wp-block-image size-full is-style-default\"><img loading=\"lazy\" decoding=\"async\" width=\"516\" height=\"734\" src=\"https:\/\/technique-barresflexibles.com\/wp-content\/uploads\/2026\/03\/Microsoft-Word-MAITRE-20-12-25-10h30-220dpi-docx-03-07-2026_06_05_PM.png\" alt=\"\" class=\"wp-image-276\" srcset=\"https:\/\/technique-barresflexibles.com\/wp-content\/uploads\/2026\/03\/Microsoft-Word-MAITRE-20-12-25-10h30-220dpi-docx-03-07-2026_06_05_PM.png 516w, https:\/\/technique-barresflexibles.com\/wp-content\/uploads\/2026\/03\/Microsoft-Word-MAITRE-20-12-25-10h30-220dpi-docx-03-07-2026_06_05_PM-211x300.png 211w\" sizes=\"auto, (max-width: 516px) 100vw, 516px\" \/><\/figure>\n<\/div>\n\n\n\n<div class=\"wp-block-column is-vertically-aligned-center is-layout-flow wp-block-column-is-layout-flow\" style=\"flex-basis:40%\">\n<h2 class=\"wp-block-heading\">Le choix d&rsquo;une \u00e9toile<\/h2>\n\n\n\n<p>Livre issu d&rsquo;une aide \u00e0 la recherche p\u00e9dagogique du Centre National de la Danse. Cet ouvrage, \u00e9crit par <strong>Christophe Duveau-Vill\u00e9ger<\/strong>, retrace ses 25 ans d&rsquo;enseignement des Barres Flexibles, technique Wilfride Piollet, au sein de l&rsquo;\u00e9cole Rosella Hightower. <\/p>\n\n\n\n<p>Ce livre propose l&rsquo;historique des recherches de Wilfride et de ses influences, sa repr\u00e9sentation du corps, une r\u00e9flexion sur la sant\u00e9 du danseur et la pratique des Barres Flexibles co-\u00e9crite avec le docteur Maeva Ferrari ainsi que les partitions en notation Laban de l&rsquo;ensemble des exercices des Barres Flexibles. <\/p>\n\n\n\n<p>Le livre terminera sur une note poetique avec une lettre ouverte \u00e0 un jeune danseur \u00e9crite par <strong>Jean Guizerix<\/strong>. <\/p>\n\n\n\n<p><strong>Bient\u00f4t disponible.<\/strong><\/p>\n<\/div>\n<\/div>\n<\/div>\n<\/div>\n\n\n\n<div class=\"wp-block-cover alignfull has-parallax\" style=\"min-height:100vh;aspect-ratio:unset;\"><div class=\"wp-block-cover__image-background wp-image-37 size-large has-parallax\" style=\"background-position:50% 50%;background-image:url(http:\/\/technique-barresflexibles.com\/wp-content\/uploads\/2025\/07\/RV-77775-2-1024x676.jpg)\"><\/div><span aria-hidden=\"true\" class=\"wp-block-cover__background has-contrast-background-color has-background-dim-40 has-background-dim\"><\/span><div class=\"wp-block-cover__inner-container is-layout-flow wp-block-cover-is-layout-flow\">\n<h2 class=\"wp-block-heading has-text-align-center alignwide has-white-color has-text-color\" style=\"font-size:clamp(27.894px, 1.743rem + ((1vw - 3.2px) * 2.094), 48px);line-height:1.2\"><em>\u201c<em>La danse aime la conscience<\/em><\/em> <em>qu&rsquo;on a d&rsquo;elle\u00a0\u00bb<\/em><\/h2>\n\n\n\n<p class=\"has-text-align-center\">Jean Guizerix<\/p>\n\n\n\n<div class=\"wp-block-columns alignwide is-layout-flex wp-container-core-columns-is-layout-28f84493 wp-block-columns-is-layout-flex\">\n<div class=\"wp-block-column is-layout-flow wp-block-column-is-layout-flow\"><\/div>\n<\/div>\n<\/div><\/div>\n","protected":false},"excerpt":{"rendered":"<p>Actualit\u00e9s Stage intensif Barres Flexibles avec Christophe Duveau-Vill\u00e9ger Du lundi du 13 avril au vendredi 17 avril 2026 Lieu: Micadanses &#8211; Studio Noces 20 rue Geoffroy l&rsquo;Asnier, 75004 Paris Le choix d&rsquo;une \u00e9toile Livre issu d&rsquo;une aide \u00e0 la recherche p\u00e9dagogique du Centre National de la Danse. Cet ouvrage, \u00e9crit par Christophe Duveau-Vill\u00e9ger, retrace ses [&hellip;]<\/p>\n","protected":false},"author":1,"featured_media":0,"parent":0,"menu_order":-1,"comment_status":"closed","ping_status":"closed","template":"page-no-title","meta":{"footnotes":""},"class_list":["post-7","page","type-page","status-publish","hentry"],"_links":{"self":[{"href":"https:\/\/technique-barresflexibles.com\/index.php\/wp-json\/wp\/v2\/pages\/7","targetHints":{"allow":["GET"]}}],"collection":[{"href":"https:\/\/technique-barresflexibles.com\/index.php\/wp-json\/wp\/v2\/pages"}],"about":[{"href":"https:\/\/technique-barresflexibles.com\/index.php\/wp-json\/wp\/v2\/types\/page"}],"author":[{"embeddable":true,"href":"https:\/\/technique-barresflexibles.com\/index.php\/wp-json\/wp\/v2\/users\/1"}],"replies":[{"embeddable":true,"href":"https:\/\/technique-barresflexibles.com\/index.php\/wp-json\/wp\/v2\/comments?post=7"}],"version-history":[{"count":24,"href":"https:\/\/technique-barresflexibles.com\/index.php\/wp-json\/wp\/v2\/pages\/7\/revisions"}],"predecessor-version":[{"id":278,"href":"https:\/\/technique-barresflexibles.com\/index.php\/wp-json\/wp\/v2\/pages\/7\/revisions\/278"}],"wp:attachment":[{"href":"https:\/\/technique-barresflexibles.com\/index.php\/wp-json\/wp\/v2\/media?parent=7"}],"curies":[{"name":"wp","href":"https:\/\/api.w.org\/{rel}","templated":true}]}}