{"id":244,"date":"2026-03-07T16:24:00","date_gmt":"2026-03-07T16:24:00","guid":{"rendered":"https:\/\/technique-barresflexibles.com\/?page_id=244"},"modified":"2026-03-10T09:00:21","modified_gmt":"2026-03-10T09:00:21","slug":"formation-diplomante","status":"publish","type":"page","link":"https:\/\/technique-barresflexibles.com\/index.php\/formation-diplomante\/","title":{"rendered":"Formation dipl\u00f4mante"},"content":{"rendered":"\n<div class=\"wp-block-cover alignfull\" style=\"min-height:430px;aspect-ratio:unset;\"><img loading=\"lazy\" decoding=\"async\" width=\"768\" height=\"1024\" class=\"wp-block-cover__image-background wp-image-252 size-large\" alt=\"\" src=\"http:\/\/technique-barresflexibles.com\/wp-content\/uploads\/2026\/03\/0d9eee52-eead-44fe-8cbd-284d0f31ec27-768x1024.jpg\" style=\"object-position:57% 34%\" data-object-fit=\"cover\" data-object-position=\"57% 34%\" srcset=\"https:\/\/technique-barresflexibles.com\/wp-content\/uploads\/2026\/03\/0d9eee52-eead-44fe-8cbd-284d0f31ec27-768x1024.jpg 768w, https:\/\/technique-barresflexibles.com\/wp-content\/uploads\/2026\/03\/0d9eee52-eead-44fe-8cbd-284d0f31ec27-225x300.jpg 225w, https:\/\/technique-barresflexibles.com\/wp-content\/uploads\/2026\/03\/0d9eee52-eead-44fe-8cbd-284d0f31ec27-1152x1536.jpg 1152w, https:\/\/technique-barresflexibles.com\/wp-content\/uploads\/2026\/03\/0d9eee52-eead-44fe-8cbd-284d0f31ec27.jpg 1536w\" sizes=\"auto, (max-width: 768px) 100vw, 768px\" \/><span aria-hidden=\"true\" class=\"wp-block-cover__background has-background-dim-40 has-background-dim\" style=\"background-color:#000000\"><\/span><div class=\"wp-block-cover__inner-container is-layout-flow wp-block-cover-is-layout-flow\">\n<p><\/p>\n<\/div><\/div>\n\n\n\n<div class=\"wp-block-group alignfull has-base-background-color has-background has-global-padding is-layout-constrained wp-container-core-group-is-layout-d89aad35 wp-block-group-is-layout-constrained\" style=\"margin-top:0;margin-bottom:0;padding-top:var(--wp--preset--spacing--50);padding-right:var(--wp--preset--spacing--50);padding-bottom:var(--wp--preset--spacing--50);padding-left:var(--wp--preset--spacing--50)\">\n<div class=\"wp-block-columns alignwide is-layout-flex wp-container-core-columns-is-layout-1da03c2a wp-block-columns-is-layout-flex\">\n<div class=\"wp-block-column is-vertically-aligned-top is-layout-flow wp-block-column-is-layout-flow\" style=\"flex-basis:60%\">\n<figure class=\"wp-block-image size-large\"><img loading=\"lazy\" decoding=\"async\" width=\"768\" height=\"1024\" src=\"http:\/\/technique-barresflexibles.com\/wp-content\/uploads\/2026\/03\/fcf8552a-78b1-4df6-9b2b-b3c753583359-768x1024.jpg\" alt=\"\" class=\"wp-image-251\" srcset=\"https:\/\/technique-barresflexibles.com\/wp-content\/uploads\/2026\/03\/fcf8552a-78b1-4df6-9b2b-b3c753583359-768x1024.jpg 768w, https:\/\/technique-barresflexibles.com\/wp-content\/uploads\/2026\/03\/fcf8552a-78b1-4df6-9b2b-b3c753583359-225x300.jpg 225w, https:\/\/technique-barresflexibles.com\/wp-content\/uploads\/2026\/03\/fcf8552a-78b1-4df6-9b2b-b3c753583359-1152x1536.jpg 1152w, https:\/\/technique-barresflexibles.com\/wp-content\/uploads\/2026\/03\/fcf8552a-78b1-4df6-9b2b-b3c753583359.jpg 1536w\" sizes=\"auto, (max-width: 768px) 100vw, 768px\" \/><figcaption class=\"wp-element-caption\">Monique Loudi\u00e8res et Cl\u00e9ment Haenen. Hona Prod.<\/figcaption><\/figure>\n<\/div>\n\n\n\n<div class=\"wp-block-column is-layout-flow wp-block-column-is-layout-flow\" style=\"flex-basis:70%\">\n<p>La formation dipl\u00f4mante pour l&rsquo;enseignement des <strong>Barres Flexibles<\/strong> propose une immersion approfondie dans la technique d\u00e9velopp\u00e9e par Wilfride Piollet.<\/p>\n\n\n\n<h2 class=\"wp-block-heading\">\u00c0 qui s\u2019adresse la formation<\/h2>\n\n\n\n<p>La formation s\u2019adresse aux danseurs, enseignants et professionnels du mouvement souhaitant approfondir leur pratique et d\u00e9couvrir les principes fondamentaux de cette recherche. Elle propose un travail \u00e0 la fois pratique et r\u00e9flexif, permettant d\u2019int\u00e9grer progressivement les bases de la technique et d\u2019en comprendre les enjeux p\u00e9dagogiques et artistiques.<\/p>\n\n\n\n<h2 class=\"wp-block-heading\">Objectifs de la formation<\/h2>\n\n\n\n<p>La formation a pour objectif de transmettre les principes fondamentaux de la technique des Barres Flexibles et d\u2019en approfondir la compr\u00e9hension dans la pratique de la danse.<\/p>\n\n\n\n<p>Elle permet aux participants de d\u00e9velopper une conscience plus fine de l\u2019organisation du corps dans le mouvement, d\u2019explorer la relation entre geste et espace, et d\u2019int\u00e9grer les outils p\u00e9dagogiques propres \u00e0 cette approche.<\/p>\n\n\n\n<h2 class=\"wp-block-heading\">Dipl\u00f4me<\/h2>\n\n\n\n<p>\u00c0 l\u2019issue du parcours de formation, un dipl\u00f4me remis par Jean Guizerix atteste de l\u2019acquisition des connaissances et des comp\u00e9tences li\u00e9es \u00e0 la pratique et \u00e0 la compr\u00e9hension des principes de la technique des <strong>Barres Flexibles<\/strong>.<\/p>\n<\/div>\n<\/div>\n<\/div>\n\n\n\n<div class=\"wp-block-group alignfull has-accent-background-color has-background has-global-padding is-layout-constrained wp-container-core-group-is-layout-d89aad35 wp-block-group-is-layout-constrained\" style=\"margin-top:0;margin-bottom:0;padding-top:var(--wp--preset--spacing--50);padding-right:var(--wp--preset--spacing--50);padding-bottom:var(--wp--preset--spacing--50);padding-left:var(--wp--preset--spacing--50)\">\n<div class=\"wp-block-columns alignwide is-layout-flex wp-container-core-columns-is-layout-1da03c2a wp-block-columns-is-layout-flex\">\n<div class=\"wp-block-column is-vertically-aligned-top is-layout-flow wp-block-column-is-layout-flow\" style=\"flex-basis:60%\">\n<h2 class=\"wp-block-heading\">Le lieux et les dates<\/h2>\n\n\n\n<p>Les sessions de formation ont lieu \u00e0 l&rsquo;<strong>espace chor\u00e9graphique Chiris Herv\u00e9 Koubi<\/strong> \u00e0 <strong>Grasse<\/strong>.<\/p>\n\n\n\n<p>Week-end 1 : 10-11 octobre 2026<\/p>\n\n\n\n<p>Week-end 2 : 7-8 novembre 2026<\/p>\n\n\n\n<p>Week end 3&nbsp;: 5-6 d\u00e9cembre 2026<\/p>\n\n\n\n<p>Week-end 4&nbsp;: 16-17 janvier 2027<\/p>\n\n\n\n<p>Week-end 5&nbsp;: 6-7 f\u00e9vrier 2027<\/p>\n\n\n\n<p>Semaine 1 : 1-7 mars 2027<\/p>\n\n\n\n<p>Week-end 6&nbsp;: 27-28 mars 2027<\/p>\n\n\n\n<p>Semaine 2 : 19-25 avril 2027<\/p>\n\n\n\n<p>Week-end 7&nbsp;: 22-23 mai<\/p>\n\n\n\n<p>Week-end 8&nbsp;: 5-6 juin 2027<\/p>\n\n\n\n<p>Week-end 9&nbsp;: 19-20 juin 2027<\/p>\n\n\n\n<p>Week-end 10&nbsp;:&nbsp; 3-4 juillet 2027<\/p>\n\n\n\n<p>Semaine 3 : 26 juillet &#8211; 1 ao\u00fbt 2027<\/p>\n\n\n\n<p><strong>Pour toute information compl\u00e9mentaire, nous vous invitons \u00e0 nous contacter.<\/strong><\/p>\n\n\n\n<p><strong>email : christopheduveau@hotmail.com<\/strong><\/p>\n<\/div>\n\n\n\n<div class=\"wp-block-column is-layout-flow wp-block-column-is-layout-flow\" style=\"flex-basis:70%\">\n<figure class=\"wp-block-image size-large\"><img loading=\"lazy\" decoding=\"async\" width=\"1024\" height=\"576\" src=\"http:\/\/technique-barresflexibles.com\/wp-content\/uploads\/2026\/03\/7433f846-a27a-4a10-a967-aee274b02c7c-1024x576.jpg\" alt=\"\" class=\"wp-image-264\" srcset=\"https:\/\/technique-barresflexibles.com\/wp-content\/uploads\/2026\/03\/7433f846-a27a-4a10-a967-aee274b02c7c-1024x576.jpg 1024w, https:\/\/technique-barresflexibles.com\/wp-content\/uploads\/2026\/03\/7433f846-a27a-4a10-a967-aee274b02c7c-300x169.jpg 300w, https:\/\/technique-barresflexibles.com\/wp-content\/uploads\/2026\/03\/7433f846-a27a-4a10-a967-aee274b02c7c-768x432.jpg 768w, https:\/\/technique-barresflexibles.com\/wp-content\/uploads\/2026\/03\/7433f846-a27a-4a10-a967-aee274b02c7c.jpg 1194w\" sizes=\"auto, (max-width: 1024px) 100vw, 1024px\" \/><figcaption class=\"wp-element-caption\">Aymeric Aude et Christophe Duveau-Vill\u00e9ger. Hona Prod.<\/figcaption><\/figure>\n\n\n\n<figure class=\"wp-block-image size-large\"><img loading=\"lazy\" decoding=\"async\" width=\"1024\" height=\"571\" src=\"http:\/\/technique-barresflexibles.com\/wp-content\/uploads\/2026\/03\/a3fb5d3e-1bbd-4597-9b70-4ea88d6476d8-1024x571.jpg\" alt=\"\" class=\"wp-image-262\" srcset=\"https:\/\/technique-barresflexibles.com\/wp-content\/uploads\/2026\/03\/a3fb5d3e-1bbd-4597-9b70-4ea88d6476d8-1024x571.jpg 1024w, https:\/\/technique-barresflexibles.com\/wp-content\/uploads\/2026\/03\/a3fb5d3e-1bbd-4597-9b70-4ea88d6476d8-300x167.jpg 300w, https:\/\/technique-barresflexibles.com\/wp-content\/uploads\/2026\/03\/a3fb5d3e-1bbd-4597-9b70-4ea88d6476d8-768x429.jpg 768w, https:\/\/technique-barresflexibles.com\/wp-content\/uploads\/2026\/03\/a3fb5d3e-1bbd-4597-9b70-4ea88d6476d8.jpg 1163w\" sizes=\"auto, (max-width: 1024px) 100vw, 1024px\" \/><figcaption class=\"wp-element-caption\">Lara Bonnel et Elodie Auger. Hona Prod.<\/figcaption><\/figure>\n<\/div>\n<\/div>\n<\/div>\n","protected":false},"excerpt":{"rendered":"<p>La formation dipl\u00f4mante pour l&rsquo;enseignement des Barres Flexibles propose une immersion approfondie dans la technique d\u00e9velopp\u00e9e par Wilfride Piollet. \u00c0 qui s\u2019adresse la formation La formation s\u2019adresse aux danseurs, enseignants et professionnels du mouvement souhaitant approfondir leur pratique et d\u00e9couvrir les principes fondamentaux de cette recherche. Elle propose un travail \u00e0 la fois pratique et [&hellip;]<\/p>\n","protected":false},"author":1,"featured_media":0,"parent":0,"menu_order":0,"comment_status":"closed","ping_status":"closed","template":"","meta":{"footnotes":""},"class_list":["post-244","page","type-page","status-publish","hentry"],"_links":{"self":[{"href":"https:\/\/technique-barresflexibles.com\/index.php\/wp-json\/wp\/v2\/pages\/244","targetHints":{"allow":["GET"]}}],"collection":[{"href":"https:\/\/technique-barresflexibles.com\/index.php\/wp-json\/wp\/v2\/pages"}],"about":[{"href":"https:\/\/technique-barresflexibles.com\/index.php\/wp-json\/wp\/v2\/types\/page"}],"author":[{"embeddable":true,"href":"https:\/\/technique-barresflexibles.com\/index.php\/wp-json\/wp\/v2\/users\/1"}],"replies":[{"embeddable":true,"href":"https:\/\/technique-barresflexibles.com\/index.php\/wp-json\/wp\/v2\/comments?post=244"}],"version-history":[{"count":13,"href":"https:\/\/technique-barresflexibles.com\/index.php\/wp-json\/wp\/v2\/pages\/244\/revisions"}],"predecessor-version":[{"id":357,"href":"https:\/\/technique-barresflexibles.com\/index.php\/wp-json\/wp\/v2\/pages\/244\/revisions\/357"}],"wp:attachment":[{"href":"https:\/\/technique-barresflexibles.com\/index.php\/wp-json\/wp\/v2\/media?parent=244"}],"curies":[{"name":"wp","href":"https:\/\/api.w.org\/{rel}","templated":true}]}}