{"id":146,"date":"2025-09-27T13:09:49","date_gmt":"2025-09-27T13:09:49","guid":{"rendered":"http:\/\/technique-barresflexibles.com\/?page_id=146"},"modified":"2026-03-10T09:00:38","modified_gmt":"2026-03-10T09:00:38","slug":"christophe-duveau-villeger","status":"publish","type":"page","link":"https:\/\/technique-barresflexibles.com\/index.php\/a-propos\/christophe-duveau-villeger\/","title":{"rendered":"Christophe Duveau-Vill\u00e9ger"},"content":{"rendered":"\n<div class=\"wp-block-cover alignfull has-parallax has-aspect-ratio\" style=\"min-height:100vh;aspect-ratio:auto;min-height:unset;\"><div class=\"wp-block-cover__image-background wp-image-156 size-large has-parallax\" style=\"background-position:50% 50%;background-image:url(http:\/\/technique-barresflexibles.com\/wp-content\/uploads\/2025\/09\/christophe-duveau-1024x769.jpg)\"><\/div><span aria-hidden=\"true\" class=\"wp-block-cover__background has-background-dim-40 has-background-dim\" style=\"background-color:#000000\"><\/span><div class=\"wp-block-cover__inner-container is-layout-flow wp-block-cover-is-layout-flow\">\n<div class=\"wp-block-columns alignwide is-layout-flex wp-container-core-columns-is-layout-28f84493 wp-block-columns-is-layout-flex\">\n<div class=\"wp-block-column is-layout-flow wp-block-column-is-layout-flow\" style=\"flex-basis:60%\">\n<p class=\"has-text-color\" style=\"color:#ffffff\">Christophe Duveau-Vill\u00e9ger, a dans\u00e9 sous la direction de <strong>Rudolf Noureev, Roberto Fascilla, Victor Ullate, Joseph Russillo, Wilfride Piollet et Jean Guizerix<\/strong> et dans de nombreuses compagnies fran\u00e7aises pendant plus de 20\u00a0ans.<\/p>\n\n\n\n<p class=\"has-text-color\" style=\"color:#ffffff\"><br>Engag\u00e9 sur audition par <strong>Rosella Hightower<\/strong> pour transmettre la technique des Barres Flexibles de Wilfride Piollet au sein de son <strong>\u00e9cole internationale \u00e0 Cannes<\/strong>, il y a enseign\u00e9 la danse classique, la technique des Barres Flexibles, la p\u00e9dagogie, la psychop\u00e9dagogie, l\u2019anatomie appliqu\u00e9e \u00e0 la danse et l\u2019analyse fonctionnelle du corps dans le mouvement dans\u00e9 (AFCMD) pendant 25\u00a0ans.<br><br>Sp\u00e9cialiste en <strong>AFCMD<\/strong>, notateur Laban dipl\u00f4m\u00e9 du second cycle du <strong>Conservatoire National Sup\u00e9rieur de Musique et de Danse<\/strong> de Paris, il obtient une aide \u00e0 la recherche du <strong>Centre national de la danse<\/strong> (CND Paris) en 2021 pour retracer ses 25\u00a0ans de transmission sur la technique des Barres Flexibles et des pas du 19e au sein du P\u00f4le National Sup\u00e9rieur de Danse Cannes-Mougins Rosella Hightower.<br><br>Il enseigne actuellement les Barres Flexibles dans le cadre de la formation professionnelle du danseur avec SANOS \u00e0 Paris et avec le PDTFR Julie Magnevile et \u00c9lodie Auger \u00e0 Grasse.<br><br>Il a \u00e9galement enseign\u00e9 au sein de la compagnie Herv\u00e9 Koubi, des facult\u00e9s de Nice-Sophia-Antipolis, de Corte, de la F\u00e9d\u00e9ration d\u2019HandiDanse Adapt\u00e9e Inclusive, de l\u2019Anton Bruckner Privatuniversit\u00e4t \u00e0 Linz, de l\u2019\u00e9cole de danse au Th\u00e9\u00e2tre Municipal de S\u00e3o Paulo et \u00e0 l\u2019Institut du Monde des Arts (IMA) \u00e0 Damas.<br><br>Apr\u00e8s 5\u00a0ann\u00e9es d\u2019\u00e9tudes en psychoth\u00e9rapie multir\u00e9f\u00e9rentielle (Nice), il fonde la m\u00e9thode Aesth\u00e9sique et collabore avec Alain H\u00e9ril au sein d\u2019Indigo Formations \u00e0 Paris<\/p>\n<\/div>\n<\/div>\n<\/div><\/div>\n\n\n\n<div class=\"wp-block-group alignfull has-base-2-background-color has-background is-nowrap is-layout-flex wp-container-core-group-is-layout-b5abd03e wp-block-group-is-layout-flex\" style=\"margin-top:0;margin-bottom:0;padding-top:var(--wp--preset--spacing--50);padding-right:var(--wp--preset--spacing--50);padding-bottom:var(--wp--preset--spacing--50);padding-left:var(--wp--preset--spacing--50)\">\n<div class=\"wp-block-columns alignwide is-layout-flex wp-container-core-columns-is-layout-1da03c2a wp-block-columns-is-layout-flex\">\n<div class=\"wp-block-column is-vertically-aligned-stretch is-layout-flow wp-block-column-is-layout-flow\" style=\"flex-basis:100%\">\n<p>De son travail de recherche sont issus\u00a0:<\/p>\n\n\n\n<ul class=\"wp-block-list\">\n<li><strong>Le choix d\u2019une \u00e9toile<\/strong>, aide \u00e0 la recherche p\u00e9dagogique archiv\u00e9e au CND, Paris d\u00e9cembre 2024. Un film illustrant les partitions Laban des exercices des Barres Flexibles et des pas du 19\u00e8 ainsi qu\u2019un documentaire sur Wilfride piollet est en cours de r\u00e9alisation avec l\u2019\u00e9quipe de tournage Extermitent produit par Cathy Laymet.<\/li>\n\n\n\n<li><strong>\u00ab\u00a0L\u2019AFCMD et la geste des Barres Flexibles de Wilfride Piollet\u00a0\u00bb<\/strong>, Au c\u0153ur du geste L\u2019Analyse<br>fonctionnelle du corps dans le mouvement dans\u00e9, Pas \u00e0 pas Ressouvenances (2023).<\/li>\n\n\n\n<li><strong>\u00ab\u00a0Que m\u2019a-t-elle apport\u00e9\u00a0?\u00a0\u00bb<\/strong> Aventure des barres flexibles, W.Piollet, l\u2019une &amp; l\u2019autre (2014).<\/li>\n\n\n\n<li><strong>\u00ab\u00a0R\u00f4le du toucher\u00a0\u00bb<\/strong> Synth\u00e8se des barres flexibles, W.Piollet, l\u2019une &amp; l\u2019autre (2014).<\/li>\n\n\n\n<li><strong>Faire de son corps un alli\u00e9<\/strong>\u00a0 (Psychologies Magazine, avril 2013).<\/li>\n\n\n\n<li><strong>La M\u00e9thode Aesth\u00e9sique<\/strong>\u00a0 (X\u00e8me Symposium Tanz Medizin TAMED, Dresden 2008).<\/li>\n\n\n\n<li><strong>Les appuis sur son propre corps dans la m\u00e9thode de Madame Piollet\u00a0<\/strong>(IX\u00e8me\u00a0Symposium TAMED,<br>Basel 2007).<\/li>\n\n\n\n<li><strong>La Sophrologie, m\u00e9moire de l\u2019Autre<\/strong>\u00a0 (m\u00e9moire de fin d\u2019\u00e9tudes, 2007).<\/li>\n\n\n\n<li><strong>La M\u00e9thode de Madame Wilfride Piollet<\/strong>\u00a0 (Ma\u00eetrise Universitaire, Nice 2004).<\/li>\n\n\n\n<li><strong>Le r\u00f4le du toucher sur son propre corps<\/strong>\u00a0(Centre National de la Danse, 1997).<\/li>\n<\/ul>\n\n\n\n<p>Plusieurs travaux universitaires sont n\u00e9s de sa p\u00e9dagogie\u00a0:<\/p>\n\n\n\n<ul class=\"wp-block-list\">\n<li>Master 1, Daniela Mestanza, Universit\u00e9 Nice Sophia-Antipolis,\u00a0L\u2019analyse du mouvement dans\u00e9 \u00e0 l\u2019\u00c9cole Sup\u00e9rieure de Danse de Cannes Rosella Hightower\u00a0: Pour une \u00e9tude de la m\u00e9thode Aesth\u00e9sique propos\u00e9e par Christophe Duveau\u00a0Vill\u00e9ger, 26\u00a0juin 2014.<\/li>\n\n\n\n<li>Master 2, Daniela Mestanza, Universit\u00e9 Nice Sophia-Antipolis, L\u2019analyse du mouvement dans\u00e9 \u00e0 l\u2019\u00c9cole Sup\u00e9rieure de Danse de Cannes Rosella Hightower\u00a0: Pour une \u00e9tude de la transmission et de l\u2019enseignement propos\u00e9e par Christophe Duveau Vill\u00e9ger, 22\u00a0octobre 2015.<\/li>\n\n\n\n<li>BA (Hons) Professionnal Dance and Musical Theatre, University of East London, Salom\u00e9 Dirmann, an examination of current somatic practices in France, with reference to the work of Wilfride Piollet and Christophe Duveau-Vill\u00e9ger, 2015.<\/li>\n<\/ul>\n<\/div>\n<\/div>\n<\/div>\n\n\n\n<div class=\"wp-block-group alignfull has-accent-background-color has-background has-global-padding is-layout-constrained wp-container-core-group-is-layout-d89aad35 wp-block-group-is-layout-constrained\" style=\"margin-top:0;margin-bottom:0;padding-top:var(--wp--preset--spacing--50);padding-right:var(--wp--preset--spacing--50);padding-bottom:var(--wp--preset--spacing--50);padding-left:var(--wp--preset--spacing--50)\">\n<div class=\"wp-block-columns alignwide is-layout-flex wp-container-core-columns-is-layout-df0f74ba wp-block-columns-is-layout-flex\">\n<div class=\"wp-block-column is-layout-flow wp-container-core-column-is-layout-119bc444 wp-block-column-is-layout-flow\" style=\"flex-basis:50%\">\n<p class=\"has-heading-font-family has-x-large-font-size\" style=\"line-height:1.2\">D\u00e9roulement d&rsquo;un cours avec les Barres Flexibles<\/p>\n\n\n\n<div class=\"wp-block-columns is-layout-flex wp-container-core-columns-is-layout-87beb0d0 wp-block-columns-is-layout-flex\">\n<div class=\"wp-block-column is-layout-flow wp-block-column-is-layout-flow\">\n<p class=\"wp-container-content-9cfa9a5a\">Le cours d\u00e9bute par la d\u00e9couverte d\u2019une nouvelle barre flexible ou l\u2019approfondissement d\u2019une, \u00e9tudi\u00e9e au cours pr\u00e9c\u00e9dent.  Pour Wilfride, c\u2019est la mise en mouvement de sa pens\u00e9e pendant que le corps est en mouvement. La rencontre de cette visualisation, le plus souvent de deux points en opposition de son corps dans le geste dans\u00e9, avec le rythme et la gravit\u00e9 cr\u00e9e la po\u00e9sie de cette barre flexible. Puis le danseur va l\u2019\u00e9prouver, la tester sur des<br>mouvements simples comme un pli\u00e9, un retir\u00e9, un temps li\u00e9, etc.<\/p>\n<\/div>\n<\/div>\n<\/div>\n\n\n\n<div class=\"wp-block-column is-layout-flow wp-block-column-is-layout-flow\" style=\"flex-basis:50%\">\n<figure class=\"wp-block-image size-large\"><img loading=\"lazy\" decoding=\"async\" width=\"1024\" height=\"686\" src=\"http:\/\/technique-barresflexibles.com\/wp-content\/uploads\/2025\/09\/CD3-1024x686.jpeg\" alt=\"\" class=\"wp-image-153\" srcset=\"https:\/\/technique-barresflexibles.com\/wp-content\/uploads\/2025\/09\/CD3-1024x686.jpeg 1024w, https:\/\/technique-barresflexibles.com\/wp-content\/uploads\/2025\/09\/CD3-300x201.jpeg 300w, https:\/\/technique-barresflexibles.com\/wp-content\/uploads\/2025\/09\/CD3-768x514.jpeg 768w, https:\/\/technique-barresflexibles.com\/wp-content\/uploads\/2025\/09\/CD3-1536x1028.jpeg 1536w, https:\/\/technique-barresflexibles.com\/wp-content\/uploads\/2025\/09\/CD3-2048x1371.jpeg 2048w\" sizes=\"auto, (max-width: 1024px) 100vw, 1024px\" \/><\/figure>\n<\/div>\n<\/div>\n<\/div>\n\n\n\n<div class=\"wp-block-group alignfull has-base-background-color has-background has-global-padding is-layout-constrained wp-container-core-group-is-layout-d89aad35 wp-block-group-is-layout-constrained\" style=\"margin-top:0;margin-bottom:0;padding-top:var(--wp--preset--spacing--50);padding-right:var(--wp--preset--spacing--50);padding-bottom:var(--wp--preset--spacing--50);padding-left:var(--wp--preset--spacing--50)\">\n<div class=\"wp-block-columns alignwide is-layout-flex wp-container-core-columns-is-layout-1da03c2a wp-block-columns-is-layout-flex\">\n<div class=\"wp-block-column is-vertically-aligned-center is-layout-flow wp-block-column-is-layout-flow\" style=\"flex-basis:60%\">\n<figure class=\"wp-block-image size-full is-style-rounded wp-duotone-unset-2 is-style-rounded--1\"><img loading=\"lazy\" decoding=\"async\" width=\"2560\" height=\"1847\" src=\"http:\/\/technique-barresflexibles.com\/wp-content\/uploads\/2025\/09\/Chris-cours-Rosella-Hightower--scaled.jpg\" alt=\"\" class=\"wp-image-155\" srcset=\"https:\/\/technique-barresflexibles.com\/wp-content\/uploads\/2025\/09\/Chris-cours-Rosella-Hightower--scaled.jpg 2560w, https:\/\/technique-barresflexibles.com\/wp-content\/uploads\/2025\/09\/Chris-cours-Rosella-Hightower--300x216.jpg 300w, https:\/\/technique-barresflexibles.com\/wp-content\/uploads\/2025\/09\/Chris-cours-Rosella-Hightower--1024x739.jpg 1024w, https:\/\/technique-barresflexibles.com\/wp-content\/uploads\/2025\/09\/Chris-cours-Rosella-Hightower--768x554.jpg 768w, https:\/\/technique-barresflexibles.com\/wp-content\/uploads\/2025\/09\/Chris-cours-Rosella-Hightower--1536x1108.jpg 1536w, https:\/\/technique-barresflexibles.com\/wp-content\/uploads\/2025\/09\/Chris-cours-Rosella-Hightower--2048x1478.jpg 2048w\" sizes=\"auto, (max-width: 2560px) 100vw, 2560px\" \/><\/figure>\n<\/div>\n\n\n\n<div class=\"wp-block-column is-layout-flow wp-block-column-is-layout-flow\" style=\"flex-basis:70%\">\n<p>Ensuite, l\u2019\u00e9chauffement commence au milieu avec des exercices de coordination que Wilfride a pr\u00e9cis\u00e9 au fur et \u00e0 mesure de sa recherche. Ils portent le nom de <strong>Basiques<\/strong>. Un Basique porte l\u2019attention sur une difficult\u00e9 technique rencontr\u00e9e par Wilfride durant sa carri\u00e8re de danseuse ou lors de l\u2019apprentissage d\u2019un r\u00f4le. La pratique des Basiques se d\u00e9cline dans un ordre logique et constitue l\u2019\u00e9chauffement de la mati\u00e8re corporelle. Le danseur va pratiquer dans les Basiques tous les exercices d\u2019\u00e9chauffement traditionnel d\u2019une barre de danse classique, c\u2019est-\u00e0-dire des pli\u00e9s, des d\u00e9gag\u00e9s, des jet\u00e9s, des ronds de jambe \u00e0 terre, des fondus, des frapp\u00e9s, des petits battements sur le coup de pied, des \u00e9tirements et<br>des grandes \u00e9l\u00e9vations de jambe dans des dynamiques diff\u00e9rentes, adage, tempo de pirouette et grands battements.<\/p>\n\n\n\n<p>Une fois l\u2019\u00e9chauffement effectu\u00e9 nous passons aux m\u00eames pas que ceux pratiqu\u00e9s apr\u00e8s la barre de danse dans un cours classique.<\/p>\n<\/div>\n<\/div>\n<\/div>\n","protected":false},"excerpt":{"rendered":"<p>De son travail de recherche sont issus\u00a0: Plusieurs travaux universitaires sont n\u00e9s de sa p\u00e9dagogie\u00a0: D\u00e9roulement d&rsquo;un cours avec les Barres Flexibles Le cours d\u00e9bute par la d\u00e9couverte d\u2019une nouvelle barre flexible ou l\u2019approfondissement d\u2019une, \u00e9tudi\u00e9e au cours pr\u00e9c\u00e9dent. Pour Wilfride, c\u2019est la mise en mouvement de sa pens\u00e9e pendant que le corps est en [&hellip;]<\/p>\n","protected":false},"author":1,"featured_media":0,"parent":11,"menu_order":2,"comment_status":"closed","ping_status":"closed","template":"","meta":{"footnotes":""},"class_list":["post-146","page","type-page","status-publish","hentry"],"_links":{"self":[{"href":"https:\/\/technique-barresflexibles.com\/index.php\/wp-json\/wp\/v2\/pages\/146","targetHints":{"allow":["GET"]}}],"collection":[{"href":"https:\/\/technique-barresflexibles.com\/index.php\/wp-json\/wp\/v2\/pages"}],"about":[{"href":"https:\/\/technique-barresflexibles.com\/index.php\/wp-json\/wp\/v2\/types\/page"}],"author":[{"embeddable":true,"href":"https:\/\/technique-barresflexibles.com\/index.php\/wp-json\/wp\/v2\/users\/1"}],"replies":[{"embeddable":true,"href":"https:\/\/technique-barresflexibles.com\/index.php\/wp-json\/wp\/v2\/comments?post=146"}],"version-history":[{"count":6,"href":"https:\/\/technique-barresflexibles.com\/index.php\/wp-json\/wp\/v2\/pages\/146\/revisions"}],"predecessor-version":[{"id":171,"href":"https:\/\/technique-barresflexibles.com\/index.php\/wp-json\/wp\/v2\/pages\/146\/revisions\/171"}],"up":[{"embeddable":true,"href":"https:\/\/technique-barresflexibles.com\/index.php\/wp-json\/wp\/v2\/pages\/11"}],"wp:attachment":[{"href":"https:\/\/technique-barresflexibles.com\/index.php\/wp-json\/wp\/v2\/media?parent=146"}],"curies":[{"name":"wp","href":"https:\/\/api.w.org\/{rel}","templated":true}]}}