{"id":11,"date":"2025-07-26T13:19:31","date_gmt":"2025-07-26T13:19:31","guid":{"rendered":"http:\/\/technique-barresflexibles.com\/?page_id=11"},"modified":"2025-09-27T14:58:45","modified_gmt":"2025-09-27T14:58:45","slug":"a-propos","status":"publish","type":"page","link":"https:\/\/technique-barresflexibles.com\/index.php\/a-propos\/","title":{"rendered":"\u00c0 propos"},"content":{"rendered":"\n<div class=\"wp-block-cover alignfull has-parallax\" style=\"min-height:100vh;aspect-ratio:unset;\"><div class=\"wp-block-cover__image-background wp-image-35 size-large has-parallax\" style=\"background-position:50% 50%;background-image:url(http:\/\/technique-barresflexibles.com\/wp-content\/uploads\/2025\/07\/RV-202416-27-677x1024.jpg)\"><\/div><span aria-hidden=\"true\" class=\"wp-block-cover__background has-background-dim-40 has-background-dim\" style=\"background-color:#000000\"><\/span><div class=\"wp-block-cover__inner-container is-layout-flow wp-block-cover-is-layout-flow\">\n<h2 class=\"wp-block-heading\">Wilfride Piollet<\/h2>\n\n\n\n<p>Wilfride Piollet (1943\u20132015) a marqu\u00e9 l\u2019histoire de la danse fran\u00e7aise par sa carri\u00e8re exceptionnelle \u00e0 l\u2019Op\u00e9ra de Paris, sa curiosit\u00e9 artistique insatiable et sa contribution novatrice \u00e0 la p\u00e9dagogie du mouvement.<\/p>\n<\/div><\/div>\n\n\n\n<div class=\"wp-block-group alignfull has-accent-background-color has-background has-global-padding is-layout-constrained wp-container-core-group-is-layout-d89aad35 wp-block-group-is-layout-constrained\" style=\"margin-top:0;margin-bottom:0;padding-top:var(--wp--preset--spacing--50);padding-right:var(--wp--preset--spacing--50);padding-bottom:var(--wp--preset--spacing--50);padding-left:var(--wp--preset--spacing--50)\">\n<div class=\"wp-block-columns alignwide is-layout-flex wp-container-core-columns-is-layout-549b0c86 wp-block-columns-is-layout-flex\">\n<div class=\"wp-block-column is-layout-flow wp-container-core-column-is-layout-119bc444 wp-block-column-is-layout-flow\" style=\"flex-basis:50%\">\n<div class=\"wp-block-columns is-layout-flex wp-container-core-columns-is-layout-87beb0d0 wp-block-columns-is-layout-flex\">\n<div class=\"wp-block-column is-layout-flow wp-block-column-is-layout-flow\">\n<h2 class=\"wp-block-heading\">Un parcours d\u2019exception \u00e0 l\u2019Op\u00e9ra de Paris<\/h2>\n\n\n\n<p>Form\u00e9e \u00e0 l\u2019\u00c9cole de danse de l\u2019Op\u00e9ra de Paris d\u00e8s l\u2019\u00e2ge de 12 ans, Wilfride rejoint le Ballet de l\u2019Op\u00e9ra en 1960. En 1969, elle est nomm\u00e9e <strong>danseuse \u00e9toile<\/strong>, apr\u00e8s avoir \u00e9t\u00e9 choisie par Harald Lander pour interpr\u00e9ter le r\u00f4le principal du ballet <em>\u00c9tudes<\/em>. Elle incarne avec gr\u00e2ce et intensit\u00e9 les grands r\u00f4les du r\u00e9pertoire classique (<em>Giselle<\/em>, <em>Le Lac des cygnes<\/em>, <em>Copp\u00e9lia<\/em>, etc.) aux c\u00f4t\u00e9s de partenaires prestigieux comme Rudolf Noureev, Jean Guizerix ou Cyril Atanassoff.&nbsp;<\/p>\n\n\n\n<h2 class=\"wp-block-heading\">Une artiste ouverte \u00e0 tous les langages chor\u00e9graphiques<\/h2>\n\n\n\n<p>Tr\u00e8s vite, Wilfride Piollet explore les chemins du n\u00e9o-classique et de la danse contemporaine. Aux c\u00f4t\u00e9s de Jean Guizerix, son partenaire sur sc\u00e8ne et dans la vie, elle travaille avec des chor\u00e9graphes tels que George Balanchine, Merce Cunningham, Dominique Bagou\u00ebt ou Andy de Groat. Cette ouverture nourrit sa r\u00e9flexion sur le corps, le mouvement et la transmission.<\/p>\n\n\n\n<figure class=\"wp-block-image size-large\"><img loading=\"lazy\" decoding=\"async\" width=\"1024\" height=\"665\" src=\"http:\/\/technique-barresflexibles.com\/wp-content\/uploads\/2025\/07\/RV-79280-15-1024x665.jpg\" alt=\"\" class=\"wp-image-42\" srcset=\"https:\/\/technique-barresflexibles.com\/wp-content\/uploads\/2025\/07\/RV-79280-15-1024x665.jpg 1024w, https:\/\/technique-barresflexibles.com\/wp-content\/uploads\/2025\/07\/RV-79280-15-300x195.jpg 300w, https:\/\/technique-barresflexibles.com\/wp-content\/uploads\/2025\/07\/RV-79280-15-768x498.jpg 768w, https:\/\/technique-barresflexibles.com\/wp-content\/uploads\/2025\/07\/RV-79280-15-1536x997.jpg 1536w, https:\/\/technique-barresflexibles.com\/wp-content\/uploads\/2025\/07\/RV-79280-15-2048x1329.jpg 2048w\" sizes=\"auto, (max-width: 1024px) 100vw, 1024px\" \/><figcaption class=\"wp-element-caption\">Wilfride Piollet, nomm\u00e9e danseuse \u00e9toile de l&rsquo;Op\u00e9ra de Paris lors du ballet \u00ab\u00a0Etudes\u00a0\u00bb. Le salut, avec Jean-Pierre Bonnefous. Paris, Palais des Sports, novembre 1969.<\/figcaption><\/figure>\n<\/div>\n<\/div>\n<\/div>\n\n\n\n<div class=\"wp-block-column is-layout-flow wp-block-column-is-layout-flow\" style=\"flex-basis:50%\">\n<figure class=\"wp-block-image size-large\"><img loading=\"lazy\" decoding=\"async\" width=\"699\" height=\"1024\" src=\"http:\/\/technique-barresflexibles.com\/wp-content\/uploads\/2025\/07\/RV-77775-5-699x1024.jpg\" alt=\"\" class=\"wp-image-38\" srcset=\"https:\/\/technique-barresflexibles.com\/wp-content\/uploads\/2025\/07\/RV-77775-5-699x1024.jpg 699w, https:\/\/technique-barresflexibles.com\/wp-content\/uploads\/2025\/07\/RV-77775-5-205x300.jpg 205w, https:\/\/technique-barresflexibles.com\/wp-content\/uploads\/2025\/07\/RV-77775-5-768x1125.jpg 768w, https:\/\/technique-barresflexibles.com\/wp-content\/uploads\/2025\/07\/RV-77775-5-1048x1536.jpg 1048w, https:\/\/technique-barresflexibles.com\/wp-content\/uploads\/2025\/07\/RV-77775-5-1398x2048.jpg 1398w, https:\/\/technique-barresflexibles.com\/wp-content\/uploads\/2025\/07\/RV-77775-5-scaled.jpg 1747w\" sizes=\"auto, (max-width: 699px) 100vw, 699px\" \/><figcaption class=\"wp-element-caption\">\u00ab\u00a0Un Jour ou deux\u00a0\u00bb, chor\u00e9graphie de Merce Cunningham. Wilfride Piollet. Paris, Op\u00e9ra Garnier, novembre 1973.<\/figcaption><\/figure>\n<\/div>\n<\/div>\n<\/div>\n\n\n\n<div class=\"wp-block-group alignfull has-base-background-color has-background has-global-padding is-layout-constrained wp-container-core-group-is-layout-d89aad35 wp-block-group-is-layout-constrained\" style=\"margin-top:0;margin-bottom:0;padding-top:var(--wp--preset--spacing--50);padding-right:var(--wp--preset--spacing--50);padding-bottom:var(--wp--preset--spacing--50);padding-left:var(--wp--preset--spacing--50)\">\n<div class=\"wp-block-columns alignwide is-layout-flex wp-container-core-columns-is-layout-1da03c2a wp-block-columns-is-layout-flex\">\n<div class=\"wp-block-column is-vertically-aligned-top is-layout-flow wp-block-column-is-layout-flow\" style=\"flex-basis:60%\">\n<figure class=\"wp-block-image size-large\"><img loading=\"lazy\" decoding=\"async\" width=\"1024\" height=\"768\" src=\"http:\/\/technique-barresflexibles.com\/wp-content\/uploads\/2025\/07\/Wil-satge-poissy-1024x768.jpg\" alt=\"\" class=\"wp-image-75\" srcset=\"https:\/\/technique-barresflexibles.com\/wp-content\/uploads\/2025\/07\/Wil-satge-poissy-1024x768.jpg 1024w, https:\/\/technique-barresflexibles.com\/wp-content\/uploads\/2025\/07\/Wil-satge-poissy-300x225.jpg 300w, https:\/\/technique-barresflexibles.com\/wp-content\/uploads\/2025\/07\/Wil-satge-poissy-768x576.jpg 768w, https:\/\/technique-barresflexibles.com\/wp-content\/uploads\/2025\/07\/Wil-satge-poissy.jpg 1152w\" sizes=\"auto, (max-width: 1024px) 100vw, 1024px\" \/><\/figure>\n<\/div>\n\n\n\n<div class=\"wp-block-column is-layout-flow wp-block-column-is-layout-flow\" style=\"flex-basis:70%\">\n<h2 class=\"wp-block-heading\">Une p\u00e9dagogue visionnaire<\/h2>\n\n\n\n<p>Enseignante au Conservatoire national sup\u00e9rieur de musique et de danse de Paris (CNSMDP) de 1989 \u00e0 2008, Wilfride d\u00e9veloppe une m\u00e9thode d\u2019\u00e9chauffement r\u00e9volutionnaire : <strong>les Barres Flexibles<\/strong>. Sans barre traditionnelle, cette approche mise sur l\u2019autonomie du danseur, l\u2019\u00e9coute du corps et la conscience du geste. Elle y int\u00e8gre des principes d\u2019anatomie, de coordination, de visualisation mentale et d\u2019improvisation, pour une danse vivante, incarn\u00e9e et po\u00e9tique.<\/p>\n\n\n\n<h2 class=\"wp-block-heading\">Une vie consacr\u00e9e \u00e0 la recherche et \u00e0 la transmission<\/h2>\n\n\n\n<p>Chor\u00e9graphe, conf\u00e9renci\u00e8re, auteure de nombreux ouvrages (<em>Parall\u00e8les<\/em>, <em>Barres Flexibles<\/em>, <em>L\u2019Aventure des Barres Flexibles<\/em>\u2026), Wilfride ne cesse de questionner et de renouveler sa pratique. Son travail est diffus\u00e9 et \u00e9tudi\u00e9 en France comme \u00e0 l\u2019\u00e9tranger (Montr\u00e9al, Tokyo, Prague\u2026). Jusqu\u2019\u00e0 la fin de sa vie, elle a transmis avec g\u00e9n\u00e9rosit\u00e9 une vision exigeante et sensible de la danse. Wilfride Piollet laisse une empreinte profonde dans l\u2019histoire de la danse. \u00c0 la crois\u00e9e de la tradition et de l\u2019exp\u00e9rimentation, elle incarne une figure rare : celle d\u2019une <strong>\u00e9toile qui n\u2019a jamais cess\u00e9 de chercher<\/strong>.<\/p>\n<\/div>\n<\/div>\n<\/div>\n\n\n\n<div class=\"wp-block-group alignfull has-accent-background-color has-background has-global-padding is-layout-constrained wp-container-core-group-is-layout-669513ed wp-block-group-is-layout-constrained\" style=\"margin-top:0;margin-bottom:0;padding-top:var(--wp--preset--spacing--50);padding-right:var(--wp--preset--spacing--50);padding-bottom:var(--wp--preset--spacing--50);padding-left:var(--wp--preset--spacing--50)\">\n<div class=\"wp-block-group is-vertical is-content-justification-center is-layout-flex wp-container-core-group-is-layout-ce155fab wp-block-group-is-layout-flex\">\n<h2 class=\"wp-block-heading has-text-align-center has-xx-large-font-size\">La technique des Barres Flexibles<\/h2>\n<\/div>\n\n\n\n<div class=\"wp-block-columns alignwide is-layout-flex wp-container-core-columns-is-layout-4935966c wp-block-columns-is-layout-flex\" style=\"padding-right:0;padding-left:0\">\n<div class=\"wp-block-column is-layout-flow wp-block-column-is-layout-flow\">\n<p><strong>Une m\u00e9thode unique, sans barre classique<\/strong><\/p>\n\n\n\n<p>Plut\u00f4t que de s\u2019appuyer sur une barre, Wilfride propose de r\u00e9veiller le corps de l\u2019int\u00e9rieur, en cultivant la conscience corporelle et l\u2019autonomie du danseur. Sa m\u00e9thode s\u2019articule autour de plusieurs outils concrets et po\u00e9tiques :<\/p>\n\n\n\n<ul class=\"wp-block-list\">\n<li><strong>Les Basiques<\/strong> : exercices d&rsquo;\u00e9chauffement issus des difficult\u00e9s techniques rencontr\u00e9es par Wilfride dans les r\u00e9pertoires qu&rsquo;elle a travers\u00e9es. Ces basiques sont adapt\u00e9s au travail quotidien pour renforcer la technique et l&rsquo;endurance du danseur.<br><\/li>\n\n\n\n<li><strong>Les appuis corporels<\/strong> : le danseur utilise ses mains sur son propre corps (bassin, thorax, t\u00eate\u2026) comme points d\u2019ancrage. Ces appuis permettent un travail pr\u00e9cis d&rsquo;\u00e9paulements, de ports de bras et de coordination main, bras, t\u00eate et regard.<br><\/li>\n\n\n\n<li><strong>Le travail avec la balle<\/strong> : d\u00e9veloppe la pr\u00e9cision et la tonicit\u00e9 de la main, et enrichit la relation entre main, bras, t\u00eate et colonne vert\u00e9brale.<br><\/li>\n\n\n\n<li><strong>Les barres flexibles (imagerie mentale)<\/strong> : des visualisations anatomiques entre deux points du corps, qui facilitent le geste et lui conf\u00e8rent une dimension po\u00e9tique.<\/li>\n\n\n\n<li><strong>Les \u00e9tirements actifs<\/strong> : renforcent le dos et la jambe d\u2019appui en travaillant l\u2019allongement et la tonicit\u00e9 dans des postures dynamiques.<\/li>\n<\/ul>\n<\/div>\n\n\n\n<div class=\"wp-block-column is-layout-flow wp-block-column-is-layout-flow\">\n<p><strong>Un entra\u00eenement complet et profond<\/strong><\/p>\n\n\n\n<p>Cette approche d\u00e9veloppe \u00e0 la fois les <strong>muscles posturaux profonds<\/strong> et les <strong>cha\u00eenes musculaires globales<\/strong>, en travaillant :<\/p>\n\n\n\n<ul class=\"wp-block-list\">\n<li>la <strong>coordination<\/strong> fine et globale,<br><\/li>\n\n\n\n<li>la <strong>stabilit\u00e9<\/strong> gr\u00e2ce \u00e0 une recherche constante d\u2019appuis corporels internes,<br><\/li>\n\n\n\n<li>la <strong>libert\u00e9 du haut du corps<\/strong>,<\/li>\n\n\n\n<li>une <strong>mobilit\u00e9 segmentaire<\/strong> (t\u00eate, thorax, bassin) indispensable pour aborder tous les styles chor\u00e9graphiques.<\/li>\n<\/ul>\n<\/div>\n\n\n\n<div class=\"wp-block-column is-layout-flow wp-block-column-is-layout-flow\">\n<p><strong>Une philosophie du mouvement conscient<\/strong><\/p>\n\n\n\n<p>La danse, art de l&rsquo;incarnation pour Wilfride&nbsp;:<br>c\u2019est-\u00e0-dire art de l\u2019instant o\u00f9 les trois aspect de notre personne&nbsp;:<\/p>\n\n\n\n<ul class=\"wp-block-list\">\n<li>analytique<\/li>\n\n\n\n<li>sensible<\/li>\n\n\n\n<li>physique<br>sont \u00e0 l\u2019unisson.<br>Le travail de l\u2019entra\u00eenement sera de<br>r\u00e9veiller ces trois aspects.<\/li>\n<\/ul>\n\n\n\n<figure class=\"wp-block-image aligncenter size-full is-resized\"><img loading=\"lazy\" decoding=\"async\" width=\"300\" height=\"830\" src=\"http:\/\/technique-barresflexibles.com\/wp-content\/uploads\/2025\/09\/image_3_aspects-removebg-preview.png\" alt=\"\" class=\"wp-image-165\" style=\"width:153px;height:auto\" srcset=\"https:\/\/technique-barresflexibles.com\/wp-content\/uploads\/2025\/09\/image_3_aspects-removebg-preview.png 300w, https:\/\/technique-barresflexibles.com\/wp-content\/uploads\/2025\/09\/image_3_aspects-removebg-preview-108x300.png 108w\" sizes=\"auto, (max-width: 300px) 100vw, 300px\" \/><\/figure>\n<\/div>\n<\/div>\n<\/div>\n\n\n\n<div class=\"wp-block-cover alignfull has-parallax is-repeated\" style=\"min-height:506px;aspect-ratio:unset;\"><div class=\"wp-block-cover__image-background wp-image-41 size-large has-parallax is-repeated\" style=\"background-position:47% 29%;background-image:url(http:\/\/technique-barresflexibles.com\/wp-content\/uploads\/2025\/07\/RV-122760-6-709x1024.jpg)\"><\/div><span aria-hidden=\"true\" class=\"wp-block-cover__background has-background-dim-40 has-background-dim\" style=\"background-color:#000000\"><\/span><div class=\"wp-block-cover__inner-container is-layout-flow wp-block-cover-is-layout-flow\">\n<div class=\"wp-block-columns alignwide is-layout-flex wp-container-core-columns-is-layout-28f84493 wp-block-columns-is-layout-flex\">\n<div class=\"wp-block-column is-layout-flow wp-block-column-is-layout-flow\" style=\"padding-right:var(--wp--preset--spacing--20);padding-left:var(--wp--preset--spacing--20);flex-basis:60%\">\n<p class=\"has-text-color\" style=\"color:#ffffff\"><strong><em>\u201c<\/em>Gr\u00e2ce \u00e0 l&rsquo;originalit\u00e9 des diff\u00e9rents moyens d&rsquo;acqu\u00e9rir dans son corps cette r\u00e9flexion et bien au-del\u00e0 des modes traditionnels, le geste dans\u00e9 se voit enrichi d&rsquo;imaginaire et de po\u00e9sie. Cette technique nomm\u00e9e \u00ab\u00a0Technique des Barres Flexibles\u00a0\u00bb me semble devoir impr\u00e9gner sa<\/strong> <strong>propre expression artistique de la mani\u00e8re la plus noble et la plus structur\u00e9e<\/strong>. <strong>\u00a0\u00bb Salto ergo sum \u00ab\u00a0<em>\u201d<\/em><\/strong><\/p>\n\n\n\n<p>Jean Guizerix<\/p>\n<\/div>\n<\/div>\n<\/div><\/div>\n\n\n\n<p><\/p>\n","protected":false},"excerpt":{"rendered":"<p>Un parcours d\u2019exception \u00e0 l\u2019Op\u00e9ra de Paris Form\u00e9e \u00e0 l\u2019\u00c9cole de danse de l\u2019Op\u00e9ra de Paris d\u00e8s l\u2019\u00e2ge de 12 ans, Wilfride rejoint le Ballet de l\u2019Op\u00e9ra en 1960. En 1969, elle est nomm\u00e9e danseuse \u00e9toile, apr\u00e8s avoir \u00e9t\u00e9 choisie par Harald Lander pour interpr\u00e9ter le r\u00f4le principal du ballet \u00c9tudes. Elle incarne avec gr\u00e2ce [&hellip;]<\/p>\n","protected":false},"author":1,"featured_media":0,"parent":0,"menu_order":0,"comment_status":"closed","ping_status":"closed","template":"page-no-title","meta":{"footnotes":""},"class_list":["post-11","page","type-page","status-publish","hentry"],"_links":{"self":[{"href":"https:\/\/technique-barresflexibles.com\/index.php\/wp-json\/wp\/v2\/pages\/11","targetHints":{"allow":["GET"]}}],"collection":[{"href":"https:\/\/technique-barresflexibles.com\/index.php\/wp-json\/wp\/v2\/pages"}],"about":[{"href":"https:\/\/technique-barresflexibles.com\/index.php\/wp-json\/wp\/v2\/types\/page"}],"author":[{"embeddable":true,"href":"https:\/\/technique-barresflexibles.com\/index.php\/wp-json\/wp\/v2\/users\/1"}],"replies":[{"embeddable":true,"href":"https:\/\/technique-barresflexibles.com\/index.php\/wp-json\/wp\/v2\/comments?post=11"}],"version-history":[{"count":26,"href":"https:\/\/technique-barresflexibles.com\/index.php\/wp-json\/wp\/v2\/pages\/11\/revisions"}],"predecessor-version":[{"id":166,"href":"https:\/\/technique-barresflexibles.com\/index.php\/wp-json\/wp\/v2\/pages\/11\/revisions\/166"}],"wp:attachment":[{"href":"https:\/\/technique-barresflexibles.com\/index.php\/wp-json\/wp\/v2\/media?parent=11"}],"curies":[{"name":"wp","href":"https:\/\/api.w.org\/{rel}","templated":true}]}}